{"id":116,"date":"2012-10-14T22:32:12","date_gmt":"2012-10-14T20:32:12","guid":{"rendered":"http:\/\/www.ffw-lauenstein.de\/?page_id=116"},"modified":"2014-01-06T20:25:37","modified_gmt":"2014-01-06T18:25:37","slug":"sg-82-fussballmannschaft","status":"publish","type":"page","link":"https:\/\/www.ffw-lauenstein.de\/?page_id=116","title":{"rendered":"SG \u00b482 &#8211; Fussballmannschaft"},"content":{"rendered":"<p>Die SG\u00b482 ist eine Fu\u00dfballmannschaft, die 1982 ins Leben gerufen wurde.<\/p>\n<p>Die SG Lauenstein besteht aus aktiven und f\u00f6rdenden Mitgliedern der Freiwilligen Feuerwehr Lauenstein. Sie nimmt regelm\u00e4\u00dfig an Turnieren teil (u.a. bei der\u00a0Partnerfeuerwehr Schmerzke und dem MTV Lauenstein).<\/p>\n<p>J\u00e4hrlich im Herbst\/ Winter veranstaltet die SG Lauenstein selbst ein kleines Hallenturnier,\u00a0bei dem befreundete Feuerwehren und Vereine mitkicken.<\/p>\nngg_shortcode_0_placeholder\n<p>Foto der &#8222;ersten Stunde&#8220; (1982)<\/p>\n<p>Mannschaften der SG Lauenstein 2010<\/p>\nngg_shortcode_1_placeholder\nngg_shortcode_2_placeholder\n","protected":false},"excerpt":{"rendered":"<p>Die SG\u00b482 ist eine Fu\u00dfballmannschaft, die 1982 ins Leben gerufen wurde. Die SG Lauenstein besteht aus aktiven und f\u00f6rdenden Mitgliedern der Freiwilligen Feuerwehr Lauenstein. Sie nimmt regelm\u00e4\u00dfig an Turnieren teil &hellip; <a href=\"https:\/\/www.ffw-lauenstein.de\/?page_id=116\" class=\"more-link\"><span class=\"screen-reader-text\">\u201eSG \u00b482 &#8211; Fussballmannschaft\u201c <\/span>weiterlesen<\/a><\/p>\n","protected":false},"author":2,"featured_media":0,"parent":85,"menu_order":40,"comment_status":"closed","ping_status":"closed","template":"","meta":{"ngg_post_thumbnail":0,"footnotes":""},"class_list":["post-116","page","type-page","status-publish","hentry"],"_links":{"self":[{"href":"https:\/\/www.ffw-lauenstein.de\/index.php?rest_route=\/wp\/v2\/pages\/116","targetHints":{"allow":["GET"]}}],"collection":[{"href":"https:\/\/www.ffw-lauenstein.de\/index.php?rest_route=\/wp\/v2\/pages"}],"about":[{"href":"https:\/\/www.ffw-lauenstein.de\/index.php?rest_route=\/wp\/v2\/types\/page"}],"author":[{"embeddable":true,"href":"https:\/\/www.ffw-lauenstein.de\/index.php?rest_route=\/wp\/v2\/users\/2"}],"replies":[{"embeddable":true,"href":"https:\/\/www.ffw-lauenstein.de\/index.php?rest_route=%2Fwp%2Fv2%2Fcomments&post=116"}],"version-history":[{"count":14,"href":"https:\/\/www.ffw-lauenstein.de\/index.php?rest_route=\/wp\/v2\/pages\/116\/revisions"}],"predecessor-version":[{"id":1098,"href":"https:\/\/www.ffw-lauenstein.de\/index.php?rest_route=\/wp\/v2\/pages\/116\/revisions\/1098"}],"up":[{"embeddable":true,"href":"https:\/\/www.ffw-lauenstein.de\/index.php?rest_route=\/wp\/v2\/pages\/85"}],"wp:attachment":[{"href":"https:\/\/www.ffw-lauenstein.de\/index.php?rest_route=%2Fwp%2Fv2%2Fmedia&parent=116"}],"curies":[{"name":"wp","href":"https:\/\/api.w.org\/{rel}","templated":true}]}}