{"id":118,"date":"2012-10-14T22:32:30","date_gmt":"2012-10-14T20:32:30","guid":{"rendered":"http:\/\/www.ffw-lauenstein.de\/?page_id=118"},"modified":"2024-02-26T22:07:32","modified_gmt":"2024-02-26T20:07:32","slug":"spielmannszug","status":"publish","type":"page","link":"https:\/\/www.ffw-lauenstein.de\/?page_id=118","title":{"rendered":"Jugendspielmannszug"},"content":{"rendered":"<p><a href=\"https:\/\/www.ffw-lauenstein.de\/?attachment_id=4856\" rel=\"attachment wp-att-4856\"><img loading=\"lazy\" decoding=\"async\" class=\"alignnone size-medium wp-image-4856\" src=\"https:\/\/www.ffw-lauenstein.de\/wp-content\/uploads\/2024\/02\/2024-Spielmannszug-804x478.png\" alt=\"\" width=\"804\" height=\"478\"><\/a><\/p>\n<p>&nbsp;<\/p>\n<p>Der Jugendspielmannszug der Freiwilligen Feuerwehr Lauenstein kann seit 1972 auf ein buntes Vereinsleben mit vielen Auftritten, mehreren beachtlichen Erfolgen bei verschiedenen Wettbewerben und zahlreichen sonstigen Aktivit\u00e4ten zur\u00fcckblicken. Er z\u00e4hlt momentan rund 30 aktive Mitglieder. Martin Hartmann-Kretschmer hat den Spielmannszug&nbsp;25 Jahre lang&nbsp;geleitet. Leiter ist zur Zeit Uwe Barein.<\/p>\n<p>Das umfangreiche, musikalische Repertoire umfasst neben traditionellen und modernen M\u00e4rschen auch lateinamerikanische Lieder, Filmmelodien sowie Rock- und Popsongs. 2004 wurde das Fl\u00f6tenregister von den so genannten Trommelfl\u00f6ten auf die Konzertquerfl\u00f6ten umgestellt, um dem modernen musikalischen Spektrum gerecht werden zu k\u00f6nnen.<\/p>\n<p>Ein Generationswechsel \u2013 wie in vielen anderen Vereinen \u2013 fand auch in den letzten Jahren beim Spielmannszug statt. Einige \u201eAlte Hasen\u201c haben das Musizieren aus beruflichen oder privaten Gr\u00fcnden aufgegeben. Doch zum Gl\u00fcck r\u00fcckten neue, junge Musiker nach.<\/p>\n<p>Die musikalische Ausbildung ist auch die gr\u00f6\u00dfte Aufgabe, welche von den \u00dcbungsleitern des Zuges bew\u00e4ltigt wird. Interessierte Jungen und M\u00e4dchen lernen hier spielerisch rhythmische Grundlagen zum Teil durch den Einsatz verschiedener Effektinstrumente, sowie das praktische Musizieren auf dem Instrument. Nat\u00fcrlich werden auch die erforderlichen Notenkenntnisse vermittelt.<\/p>\n<p>&nbsp;<\/p>\n<p>Eltern und Freunde gr\u00fcndeten 1997 den F\u00f6rderverein des Jugendspielmannszuges, der die Musiker&nbsp; seither unterst\u00fctzt. Mit seiner finanziellen Unterst\u00fctzung wurden bereits mehrere Projekte (neue Instrumente, Uniformen etc.) verwirklicht. Der Bayerische Fr\u00fchschoppen des F\u00f6rdervereins ein fester Termin im Lauensteiner Veranstaltungskalender geworden.<\/p>\n<p>Auch wenn die Musik nat\u00fcrlich im Vordergrund steht, finden sich im Terminkalender des Jugendspielmannszuges auch verschiedene Veranstaltungen im Rahmen der allgemeinen Jugendarbeit wieder. Seit vielen Jahren wir die Freundschaft zu den Freien Spielleuten Neuk\u00f6lln \/ Berlin mit gegenseitigen Besuchen gepflegt.<\/p>\n<p>Allj\u00e4hrlich zu Beginn der Sommerferien werden die Koffer f\u00fcr ein gemeinsames Zeltlager gepackt.<\/p>\n<p>Unter <a href=\"https:\/\/www.spielmannszug-lauenstein.de\/\">www.spielmannszug-lauenstein.de<\/a> gibt es st\u00e4ndig aktuelle Informationen \u00fcber die Termine und Aktivit\u00e4ten.<\/p>\n","protected":false},"excerpt":{"rendered":"<p>&nbsp; Der Jugendspielmannszug der Freiwilligen Feuerwehr Lauenstein kann seit 1972 auf ein buntes Vereinsleben mit vielen Auftritten, mehreren beachtlichen Erfolgen bei verschiedenen Wettbewerben und zahlreichen sonstigen Aktivit\u00e4ten zur\u00fcckblicken. Er z\u00e4hlt &hellip; <a href=\"https:\/\/www.ffw-lauenstein.de\/?page_id=118\" class=\"more-link\"><span class=\"screen-reader-text\">\u201eJugendspielmannszug\u201c <\/span>weiterlesen<\/a><\/p>\n","protected":false},"author":2,"featured_media":0,"parent":85,"menu_order":50,"comment_status":"closed","ping_status":"closed","template":"","meta":{"ngg_post_thumbnail":0,"footnotes":""},"class_list":["post-118","page","type-page","status-publish","hentry"],"_links":{"self":[{"href":"https:\/\/www.ffw-lauenstein.de\/index.php?rest_route=\/wp\/v2\/pages\/118","targetHints":{"allow":["GET"]}}],"collection":[{"href":"https:\/\/www.ffw-lauenstein.de\/index.php?rest_route=\/wp\/v2\/pages"}],"about":[{"href":"https:\/\/www.ffw-lauenstein.de\/index.php?rest_route=\/wp\/v2\/types\/page"}],"author":[{"embeddable":true,"href":"https:\/\/www.ffw-lauenstein.de\/index.php?rest_route=\/wp\/v2\/users\/2"}],"replies":[{"embeddable":true,"href":"https:\/\/www.ffw-lauenstein.de\/index.php?rest_route=%2Fwp%2Fv2%2Fcomments&post=118"}],"version-history":[{"count":14,"href":"https:\/\/www.ffw-lauenstein.de\/index.php?rest_route=\/wp\/v2\/pages\/118\/revisions"}],"predecessor-version":[{"id":4868,"href":"https:\/\/www.ffw-lauenstein.de\/index.php?rest_route=\/wp\/v2\/pages\/118\/revisions\/4868"}],"up":[{"embeddable":true,"href":"https:\/\/www.ffw-lauenstein.de\/index.php?rest_route=\/wp\/v2\/pages\/85"}],"wp:attachment":[{"href":"https:\/\/www.ffw-lauenstein.de\/index.php?rest_route=%2Fwp%2Fv2%2Fmedia&parent=118"}],"curies":[{"name":"wp","href":"https:\/\/api.w.org\/{rel}","templated":true}]}}