{"id":125,"date":"2012-10-14T22:41:32","date_gmt":"2012-10-14T20:41:32","guid":{"rendered":"http:\/\/www.ffw-lauenstein.de\/?page_id=125"},"modified":"2025-04-02T11:04:48","modified_gmt":"2025-04-02T09:04:48","slug":"mitglied-werden-2","status":"publish","type":"page","link":"https:\/\/www.ffw-lauenstein.de\/?page_id=125","title":{"rendered":"Mitglied werden"},"content":{"rendered":"<p>Wir freuen uns \u00fcber jeden, der unsere Feuerwehr als aktives oder als f\u00f6rderndes Mitglied unterst\u00fctzen m\u00f6chte.<\/p>\n<p>Hierzu k\u00f6nnen Sie sich den unten&nbsp;stehenden Antrag als Word-Datei herunterladen und ausgef\u00fcllt an einen unserer aktiven Kameraden zur\u00fcckgeben.<\/p>\n<p>Wer Interesse hat, aktives Mitglied der Freiwilligen Feuerwehr Lauenstein zu werden, kann gerne&nbsp;an einem Feuerwehrdienst teilnehmen (siehe Dienstplan in der Rubrik&nbsp;&#8222;Einsatzabteilung&#8220;).<\/p>\n<p>Jugendliche im Alter von 10-16 sind beim Dienst unserer Jugendfeuerwehr (freitags, 17 Uhr) immer willkommen.<\/p>\n<p>Kinder im Alter von 6 Jahren k\u00f6nnen bei den L\u00f6schtigern teilnehmen.<\/p>\n<p>Bei weiteren Fragen stehen Ihnen unser Ortsbrandmeister Jens Brock und sein Stellvertreter J\u00f6rn Cyperski gerne zur Verf\u00fcgung.<\/p>\n<p><a href=\"https:\/\/www.ffw-lauenstein.de\/?attachment_id=5169\" rel=\"attachment wp-att-5169\">F\u00f6rderverein_Eintrittserkl\u00e4rung_Jan._2025<\/a><\/p>\n<p>Bitte beachten Sie zur Eintrittserkl\u00e4rung auch unsere Datenschutzinformation gem. DSGVO:<\/p>\n<p><a href=\"https:\/\/www.ffw-lauenstein.de\/?attachment_id=5180\" rel=\"attachment wp-att-5180\">F\u00f6rderverein_Datenschutz-Hinweis<\/a>&nbsp;<\/p>\n","protected":false},"excerpt":{"rendered":"<p>Wir freuen uns \u00fcber jeden, der unsere Feuerwehr als aktives oder als f\u00f6rderndes Mitglied unterst\u00fctzen m\u00f6chte. Hierzu k\u00f6nnen Sie sich den unten&nbsp;stehenden Antrag als Word-Datei herunterladen und ausgef\u00fcllt an einen &hellip; <a href=\"https:\/\/www.ffw-lauenstein.de\/?page_id=125\" class=\"more-link\"><span class=\"screen-reader-text\">\u201eMitglied werden\u201c <\/span>weiterlesen<\/a><\/p>\n","protected":false},"author":2,"featured_media":0,"parent":0,"menu_order":50,"comment_status":"closed","ping_status":"closed","template":"","meta":{"ngg_post_thumbnail":0,"footnotes":""},"class_list":["post-125","page","type-page","status-publish","hentry"],"_links":{"self":[{"href":"https:\/\/www.ffw-lauenstein.de\/index.php?rest_route=\/wp\/v2\/pages\/125","targetHints":{"allow":["GET"]}}],"collection":[{"href":"https:\/\/www.ffw-lauenstein.de\/index.php?rest_route=\/wp\/v2\/pages"}],"about":[{"href":"https:\/\/www.ffw-lauenstein.de\/index.php?rest_route=\/wp\/v2\/types\/page"}],"author":[{"embeddable":true,"href":"https:\/\/www.ffw-lauenstein.de\/index.php?rest_route=\/wp\/v2\/users\/2"}],"replies":[{"embeddable":true,"href":"https:\/\/www.ffw-lauenstein.de\/index.php?rest_route=%2Fwp%2Fv2%2Fcomments&post=125"}],"version-history":[{"count":20,"href":"https:\/\/www.ffw-lauenstein.de\/index.php?rest_route=\/wp\/v2\/pages\/125\/revisions"}],"predecessor-version":[{"id":5181,"href":"https:\/\/www.ffw-lauenstein.de\/index.php?rest_route=\/wp\/v2\/pages\/125\/revisions\/5181"}],"wp:attachment":[{"href":"https:\/\/www.ffw-lauenstein.de\/index.php?rest_route=%2Fwp%2Fv2%2Fmedia&parent=125"}],"curies":[{"name":"wp","href":"https:\/\/api.w.org\/{rel}","templated":true}]}}