{"id":3194,"date":"2018-11-14T21:11:58","date_gmt":"2018-11-14T19:11:58","guid":{"rendered":"http:\/\/www.ffw-lauenstein.de\/?page_id=3194"},"modified":"2025-02-27T13:39:23","modified_gmt":"2025-02-27T11:39:23","slug":"wie-werde-ich-feuerwehrfrau-mann","status":"publish","type":"page","link":"https:\/\/www.ffw-lauenstein.de\/?page_id=3194","title":{"rendered":"Wie werde ich Feuerwehrfrau \/-mann?"},"content":{"rendered":"<p>Hier ein paar Informationen wie man bei uns eine freiwillige Feuerwehrfrau oder ein freiwilliger Feuerwehrmann werden kann.<\/p>\n<p>In der Regel darf jeder Mitglied in der Einsatzabteilung der Freiwilligen Feuerwehr werden!<\/p>\n<p>Das Mindestalter betr\u00e4gt 16 Jahre. Das H\u00f6chstalter ist mit 67 Jahren gesetzlich geregelt.<br \/>\nGenerell soll jeder Anw\u00e4rter k\u00f6rperlich und geistig in der Lage sein, den Anforderungen des Feuerwehrdienstes gerecht zu werden.<br \/>\nHier bei kommt es aber auch auf die Aufgaben an, die ein Mitglied der Einsatzabteilung leisten kann.<br \/>\nFrauen und M\u00e4nner mit k\u00f6rperlichen oder geistigen Beeintr\u00e4chtigungen haben auch die Chance in die Einsatzabteilung aufgenommen zu werden.<br \/>\nInklusion wird auch in der Feuerwehr gehandhabt. Je nach Fitness- und Ausbildungsstand wird jedes Mitglied f\u00fcr die bevorstehenden Aufgaben eingesetzt.<\/p>\n<p>Um ein vollwertiges Mitglied der Einsatzabteilung zu werden, muss jeder Anw\u00e4rter die Truppmannausbildung absolvieren.<br \/>\nDie Truppmannausbildung wird in 2 Teile unterschieden.<br \/>\nDie Truppmannausbildung Teil 1 wird in einem ca. 6-w\u00f6chigem Lehrgang durchgef\u00fchrt. Hier wird in ca. 70 Unterrichtseinheiten ausgebildet.<br \/>\nAnschlie\u00dfend muss jeder Anw\u00e4rter innerhalb von zwei Jahren an gewissen Pflichtdiensten, mindestens 40 Ausbildungsstunden pro Jahr, teilnehmen.<br \/>\nIm Anschluss wird eine Pr\u00fcfung, die Truppmannausbildung Teil 2, abgenommen.<br \/>\nZus\u00e4tzlich muss jedes angehende Feuerwehrmitglied an mindestens 2 technischen Lehrg\u00e4nge erfolgreich teilgenommen haben.<br \/>\nHier gibt es mehrere verschiedene Lehrg\u00e4nge: Funker, Atemschutzger\u00e4tetr\u00e4ger, Maschinist und Technische Hilfe.<\/p>\n<p>Des weiteren hat man die Chance, sich durch zus\u00e4tzliche Lehrg\u00e4nge, Seminare und Schulungen weiterzubilden.<br \/>\nBeispielsweise Truppf\u00fchrer, Gruppenf\u00fchrer, Zugf\u00fchrer, ABC-Teil 1 und 2, Absturzsicherung, W\u00e4rmebildkamera.<\/p>\n<p>Unser&nbsp;Eintrittsformular + Datenschutzinformation:<\/p>\n<p><a href=\"https:\/\/www.ffw-lauenstein.de\/?attachment_id=5169\" rel=\"attachment wp-att-5169\">F\u00f6rderverein_Eintrittserkl\u00e4rung_Jan._2025<\/a><\/p>\n<p><a href=\"https:\/\/www.ffw-lauenstein.de\/?attachment_id=3378\" rel=\"attachment wp-att-3378\">F\u00f6rderverein_Datenschutz-Hinweis<\/a><\/p>\n<p>&nbsp;<\/p>\n","protected":false},"excerpt":{"rendered":"<p>Hier ein paar Informationen wie man bei uns eine freiwillige Feuerwehrfrau oder ein freiwilliger Feuerwehrmann werden kann. In der Regel darf jeder Mitglied in der Einsatzabteilung der Freiwilligen Feuerwehr werden! &hellip; <a href=\"https:\/\/www.ffw-lauenstein.de\/?page_id=3194\" class=\"more-link\"><span class=\"screen-reader-text\">\u201eWie werde ich Feuerwehrfrau \/-mann?\u201c <\/span>weiterlesen<\/a><\/p>\n","protected":false},"author":4,"featured_media":0,"parent":125,"menu_order":1,"comment_status":"closed","ping_status":"closed","template":"","meta":{"ngg_post_thumbnail":0,"footnotes":""},"class_list":["post-3194","page","type-page","status-publish","hentry"],"_links":{"self":[{"href":"https:\/\/www.ffw-lauenstein.de\/index.php?rest_route=\/wp\/v2\/pages\/3194","targetHints":{"allow":["GET"]}}],"collection":[{"href":"https:\/\/www.ffw-lauenstein.de\/index.php?rest_route=\/wp\/v2\/pages"}],"about":[{"href":"https:\/\/www.ffw-lauenstein.de\/index.php?rest_route=\/wp\/v2\/types\/page"}],"author":[{"embeddable":true,"href":"https:\/\/www.ffw-lauenstein.de\/index.php?rest_route=\/wp\/v2\/users\/4"}],"replies":[{"embeddable":true,"href":"https:\/\/www.ffw-lauenstein.de\/index.php?rest_route=%2Fwp%2Fv2%2Fcomments&post=3194"}],"version-history":[{"count":9,"href":"https:\/\/www.ffw-lauenstein.de\/index.php?rest_route=\/wp\/v2\/pages\/3194\/revisions"}],"predecessor-version":[{"id":5170,"href":"https:\/\/www.ffw-lauenstein.de\/index.php?rest_route=\/wp\/v2\/pages\/3194\/revisions\/5170"}],"up":[{"embeddable":true,"href":"https:\/\/www.ffw-lauenstein.de\/index.php?rest_route=\/wp\/v2\/pages\/125"}],"wp:attachment":[{"href":"https:\/\/www.ffw-lauenstein.de\/index.php?rest_route=%2Fwp%2Fv2%2Fmedia&parent=3194"}],"curies":[{"name":"wp","href":"https:\/\/api.w.org\/{rel}","templated":true}]}}