{"id":4897,"date":"2024-03-30T14:12:28","date_gmt":"2024-03-30T12:12:28","guid":{"rendered":"https:\/\/www.ffw-lauenstein.de\/?page_id=4897"},"modified":"2024-12-31T09:33:14","modified_gmt":"2024-12-31T07:33:14","slug":"einsaetze-2024","status":"publish","type":"page","link":"https:\/\/www.ffw-lauenstein.de\/?page_id=4897","title":{"rendered":"Eins\u00e4tze 2024"},"content":{"rendered":"<p><span style=\"text-decoration: underline;\">T\u00fcr\u00f6ffnung in der Nacht<\/span><\/p>\n<p>Die Ortsfeuerwehr Lauenstein, der Rettungsdienst und die Polizei wurden am 28.12.2024 um 02:45 zu einer T\u00fcr\u00f6ffnung in den Sch\u00fctzenplatzweg alarmiert. Eine Bewohnerin hat aus versehen den Hausnotrufknopf gedr\u00fcckt. Ein Sprechkontakt konnte nicht hergestellt werden. Dadurch wurden \u00fcber die Leitstelle die Rettungskr\u00e4fte alarmiert. Bei Eintreffen an der Einsatzstelle konnte die Bewohnerin die T\u00fcr \u00f6ffnen. Daher war kein weites eingreifen n\u00f6tig.<\/p>\n<p><span style=\"text-decoration: underline;\">\u00d6lspur in vielen Gebieten der Gemeinde<\/span><\/p>\n<p>Eine \u00d6lspur, die sich vom Landkreis Hildesheim her kommend, \u00fcber den Landkreis Hameln bis in den Landkreis Holzminden erstreckte, besch\u00e4ftigte heute in den Mittagsstunden s\u00e4mtliche Einsatzkr\u00e4fte von Feuerwehr und Stra\u00dfenmeisterei. Allein in unserem Gemeindegebiet wurden die Feuerwehren Benstorf, Oldendorf, Hemmendorf, Lauenstein und Salzhemmendorf alarmiert, um die extrem rutschige Fl\u00fcssigkeit von der Fahrbahn zu beseitigen. Der anhaltende Regen verschlimmerte die Situation zus\u00e4tzlich, da sich der Betriebsstoff deswegen breitfl\u00e4chig verteilen konnte. Die Verunreinigung verlief \u00fcber die Bundesstra\u00dfe1 von Hildesheim kommend bis nach Hemmendorf. Von dort ging es weiter \u00fcber die Stra\u00dfe \u201eVor dem Tore\u201c und der L425 bis nach Lauenstein. Den Bergort sowie die Landstra\u00dfe \u00fcber den Ith hat es am schlimmsten getroffen, sodass die Einsatzkr\u00e4fte der Feuerwehr Salzhemmendorf ihre Lauensteiner Kameraden unterst\u00fctzten. Nach rund zwei Stunden konnten die vom Regen durchn\u00e4ssten Feuerwehrleute den Einsatz erfolgreich beenden. Auch unsere Kollegen der Gemeindefeuerwehr Coppenbr\u00fcgge mussten wegen der gleichen \u00d6lspur in ihrem Bereich t\u00e4tig werden. &nbsp;&nbsp;&nbsp;&nbsp;<\/p>\n<p><span style=\"text-decoration: underline;\">M\u00fclleimerbrand an einer Hausfassade<\/span><\/p>\n<p>In der Nacht zu Mittwoch den 13.11.2024, gegen 02:34 Uhr, wurde die Feuerwehr Lauenstein zu einem M\u00fclltonnenbrand alarmiert. Eine Anwohnerin wurde in der Nacht durch einen lauten Knall geweckt und entdeckte zwei brennende M\u00fclltonnen, die direkt an einer Hausfassade an dem Nachbarhaus standen. Daraufhin weckte sie ihren Mann, der sofort den Notruf 112 w\u00e4hlte und anschlie\u00dfend zum Nachbarhaus lief, um die Bewohner zu wecken, damit diese sich in Sicherheit bringen konnten. Nachfolgend versuchte der Ersthelfer, mithilfe eines Pulverl\u00f6schers das Feuer zu bek\u00e4mpfen. Beim Eintreffen der Feuerwehr hatte jedoch bereits die Verkleidung der Hausfassade angefangen zu brennen, woraufhin die Feuerwehrleute sofort mit der Schnellangriffseinrichtung ihres wasserf\u00fchrenden L\u00f6schfahrzeuges die Fassade abl\u00f6schten. Da nicht auszuschlie\u00dfen war, das sich zwischen der Wandverkleidung und der Fassade noch Glutnester befanden, musste ein Teil der Verkleidung von der Hausfassade entfernt werden. Zus\u00e4tzlich wurde die Feuerwehr Salzhemmendorf nachalarmiert, um mit ihrer W\u00e4rmebildkamera die Hausfassade auf weitere versteckte Glutnester zu untersuchen. Nach rund einer Stunde konnten die Ehrenamtlichen den Einsatz beenden.<\/p>\n<p><span style=\"text-decoration: underline;\">Wohnanh\u00e4ngerbrand in Lauenstein<\/span><\/p>\n<p>Am sp\u00e4ten Donnerstagabend, 24.10.2024, gegen 23:14 Uhr wurden die Feuerwehren Lauenstein, Salzhemmendorf, Hemmendorf und Oldendorf zu einem brennenden Wohnanh\u00e4nger alarmiert. Anwohner h\u00f6rten einen lauten Knall und sahen einen Feuerschein auf dem Nachbargrundst\u00fcck. Sofort schnappte sich einer der Anwohner einen Pulverl\u00f6scher und eilte auf das benachbarte Grundst\u00fcck, wo ein Wohnwagen, der nahe eines Wohnhauses stand, vermutlich durch einen technischen Defekt feuer gefangen hatte. Der Mann Schafte es das Feuer soweit zu l\u00f6schen, sodass die alarmierten Einsatzkr\u00e4fte nur noch einen Trupp unter Atemschutz zu Nachl\u00f6scharbeiten einsetzen mussten und den Wohnwagen mit einer W\u00e4rmebildkamera kontrollierten. Durch das umsichtige Handeln des Ersthelfers konnte schlimmeres verhindert werden. Dennoch m\u00f6chten wir darum bitten, sich nie selbst in Gefahr zu bringen. Materielle Sachen k\u00f6nnen ersetzt werden, ein Leben jedoch nicht! Zur Brandursache kann die Feuerwehr keine Angaben machen. Die Polizei ermittelt.<\/p>\n<p><span style=\"text-decoration: underline;\">T\u00fcr\u00f6ffnung in Lauenstein<\/span><\/p>\n<p>Nachdem sich eine Tochter um ihre Mutter sorgte, da diese nicht erreichbar war, wurden am sp\u00e4ten Vormittag, des 24.10.2024, die Feuerwehren Lauenstein und Salzhemmendorf zu einer T\u00fcr\u00f6ffnung alarmiert. Mit Werkzeug konnten die Ehrenamtlichen die Wohnungst\u00fcr, welche von innen mit einem Zusatzschloss verriegelt war, z\u00fcgig \u00f6ffnen. Im Wohnhaus konnte eine Dame, die sich in einer hilflosen Situation befand, aufgefunden werden. Nachdem der angeforderte Rettungsdienst, gemeinsam mit einem Notarzt die Frau Medizinisch versorgt hatte, unterst\u00fctzten die Feuerwehrleute bei dem Transport der Patientin in den Rettungswagen.<\/p>\n<p><span style=\"text-decoration: underline;\">T\u00fcr\u00f6ffnung in Salzhemmendorf<\/span><\/p>\n<p>Die Ortsfeuerwehr Lausnetein wurde am Montag den 30.09.2024 um 11:12 Uhr zu einer T\u00fcr\u00f6ffnung nach Salzhemmendorf alamiert. Noch vor dem Ausr\u00fccken wurde Entwarnung f\u00fcr die Lauensteiner gegeben.<\/p>\n<p><span style=\"text-decoration: underline;\">Tragehilfe in der Nacht<\/span><\/p>\n<p>Die Ortsfeuerwehr Lauenstein wurde am 26.06.2024 um 03:03 Uhr nachts zur Unterst\u00fctzung des Rettungsdienstes alarmiert. Eine schwangere Frau durfte nicht mehr aufrecht gehen. Daher musste Sie waagerecht zum Rettungswagen transportiert werden. Mit 5 Personen und Muskelkraft wurde die Patientin schonend und waagerecht aus dem 1. Obergeschoss in den Rettungswagen getragen. Nach ca. 30 Minuten war der Einsatz beendet und die Einsatzkr\u00e4fte konnten wieder zur Bettruhe \u00fcbergehen.<\/p>\n<p><span style=\"text-decoration: underline;\">B\u00f6schungsbrand an der B1 bei Hemmendorf<\/span><\/p>\n<p>Am sp\u00e4ten Vormittag, 02.09.2024, wurden die Feuerwehren Hemmendorf, Lauenstein und Salzhemmendorf zu einem B\u00f6schungsbrand an der Bundesstra\u00dfe 1 zwischen Hemmendorf und Marienau alarmiert. Eine Autofahrerin entdeckte den Brand und w\u00e4hlte den Notruf 112. Kurz darauf hielt ein weiterer Autofahrer an und holte aus dem Kofferraum seines Fahrzeuges einen Sparten, mit dem er versuchte, das Feuer welches sich auf einer Fl\u00e4che von rund drei Quadratmetern ausgebreitet hatte zu ersticken. Bis zum Eintreffen der ersten Feuerwehrleute hat der Ersthelfer es geschafft, den Brand weitestgehend zu l\u00f6schen. So mussten die Ortsfeuerwehren Hemmendorf und Lauenstein die Einsatzstelle nicht mehr anfahren. Nur das wasserf\u00fchrende L\u00f6schfahrzeug der Feuerwehr Salzhemmendorf wurde noch am Brandort ben\u00f6tigt um letzte Glutnester abzul\u00f6schen und die Gr\u00fcnfl\u00e4che rund um die Brandstelle mit reichlich Wasser zu benetzen. Seit Mitte Mai wurden die Feuerwehren aus der Gemeinde bereits zu elf Fl\u00e4chen oder B\u00f6schungsbr\u00e4nde alarmiert.<\/p>\n<p><span style=\"text-decoration: underline;\">Brandnachschau nach K\u00fcchenbrand<\/span><\/p>\n<p>Am Dienstagabend, den 27.08.2024, fand am Ithturm in Lauenstein ein gemeinsamer \u00dcbungsabend der Feuerwehren Lauenstein und Salzhemmendorf statt. Bei Bratwurst und Kaltgetr\u00e4nken sollte dieser \u00dcbungsabend einen gem\u00fctlichen Ausklang finden. Noch w\u00e4hrend des Dienstes wurden die Lauensteiner Feuerwehrleute zu einen Entstehungsbrand alarmiert. In einer Wohnung sollte eine Dunstabzugshaube brennen. Kurzerhand wurden vom Lauensteiner stellvertretenden Ortsbrandmeister auch die Salzhemmendorfer Kameraden in den Einsatz eingebunden. So trafen bereits nach wenigen Minuten rund 30 Einsatzkr\u00e4fte an der angegebenen Adresse ein. Noch bevor die ersten Einsatzkr\u00e4fte an der Einsatzstelle ankamen, konnte der Bewohner, die brennende Dunstabzugshaube bereits selbstst\u00e4ndig l\u00f6schen. Mit einer W\u00e4rmebildkamera kontrollierten die Feuerwehrleute noch den Brandort und auch den Bereich des Daches, wo sich das Abluftrohr der Dunstabzugshaube befand. Gl\u00fccklicherweise konnten keine Brandnester entdeckt werden. Durch das schnelle Eingreifen des Bewohners konnte schlimmeres verhindert werden. Mit etwas Versp\u00e4tung konnten die Feuerwehrleute schlie\u00dflich noch ihre Grillwurst genie\u00dfen.<\/p>\n<p><span style=\"text-decoration: underline;\">Garagenbrand in Th\u00fcste<\/span><\/p>\n<p>Am Morgen des 26.08.2024 w\u00e4hlte ein Th\u00fcster Einwohner, der selbst einmal in der Feuerwehr aktiv war, den Notruf 112 und teilte der&nbsp;<a href=\"https:\/\/www.facebook.com\/krlweserbergland?__cft__[0]=AZUc_xYvTAqodrXrqYvL3NL0fVLuYvWGFSecDp7WI5jvDn1D4r2ypiVKcQdtP1sq6ufcR4eNP2n-ovg7w_wxLP7pE0lSsT67tmW2v7eHpowG_RvgYLZ0bBqs4M0kg_95MgsrmnLxXXZp5adnp95xADFjkxS4kFwLKf-n2T2OtkohN6vWmdyBgiHBvofAx6lyfC82UZdCXg7kWX-PzEOzHDAX&amp;__tn__=-]K-R\" target=\"_blank\" rel=\"noopener\">KRL Weserbergland \u2013 Leitstelle Hameln<\/a>&nbsp;mit, dass es bei seinen Nachbarn aus der Garage qualmte. Daraufhin wurden die Feuerwehren Wallensen, Ockensen, Levedagsen und Salzhemmendorf zu der angegebenen Adresse alarmiert. Auch eine Drehleiter aus Hameln, die Hygienekomponente sowie ein Rettungswagen aus Hemmendorf machten sich auf den Weg nach Th\u00fcste. Nur ein paar Minuten sp\u00e4ter w\u00e4hlte der Anwohner noch einmal den Notruf und teilte dem Disponenten mit, das sich Gasflaschen in der Garage befinden. Zu diesem Zeitpunkt war bereits das erste Wallensener Fahrzeug an der Einsatzstelle eingetroffen und die drei Kameraden begannen sich f\u00fcr den Erstangriff auszur\u00fcsten. Noch w\u00e4hrend der Anrufer in der Leitung war, warnte der Leitstellendisponent \u00fcber Funk die anr\u00fcckenden Einsatzkr\u00e4fte vor dieser Gefahr. Auch die drei bereits eingetroffenen Feuerwehrleute bekamen diese Warnung mit und begannen mit dem ersten L\u00f6schangriff aus der Deckung heraus. Nur Augenblicke sp\u00e4ter kam es dann zu einer gr\u00f6\u00dferen Explosion durch eine Gasflasche, wobei das Garagentor aus seiner Verankerung gerissen, weggeschleudert und das gesamte Dach der Garage angehoben und versetzt wurde. Immer wieder kam es nachfolgend zu kleineren Explosionen. Brennende Fragmente flogen umher und setzten unteranderem einen Sonnenschirm, der auf einem benachbarten Grundst\u00fcck stand, in Brand. In noch rund 70 Metern Entfernung richteten Teile der explodierten Gasflasche Sch\u00e4den an Hausw\u00e4nden an. Allein dem couragierten Anrufer und dem schnellen Handeln des Disponenten ist es zu verdanken, dass die drei Feuerwehrleute unverletzt blieben. Im weiteren Verlauf der L\u00f6scharbeiten wurden noch die Ehrenamtlichen der Feuerwehr Lauenstein alarmiert, die mit weiteren Atemschutzger\u00e4tetr\u00e4gern unterst\u00fctzten. Auch der \u201eGer\u00e4tewagen-Atemschutz\u201c machte sich von der Feuerwehrtechnischenzentrale in Kirchohsen auf den Weg nach Th\u00fcste. Sanit\u00e4ter der SEG Marienau standen an der Einsatzstelle in Bereitstellung, um sofort eingreifen zu k\u00f6nnen, f\u00fcr den Fall das jemand verletzt wird, was gl\u00fccklicherweise nicht eingetreten ist. W\u00e4hrend der Nachl\u00f6scharbeiten mussten diese zeitweise unterbrochen werden, da weitere Gasflaschen anfingen, unkontrolliert abzublasen. Nach rund drei Stunden wurde die Einsatzstelle an die Polizei \u00fcbergeben und die rund 60 Einsatzkr\u00e4fte der Feuerwehr konnten wieder in ihre Feuerwehrh\u00e4user einr\u00fccken.<\/p>\n<p><span style=\"text-decoration: underline;\">T\u00fcr\u00f6ffnung in Hemmendorf<\/span><\/p>\n<p>Die Ortsfeuerwehr Lauenstein wurde am 14.08.2024 zur Unterst\u00fctzung zu einer T\u00fcr\u00f6ffnung nach Hemmendorf alarmiert. Noch bevor die Ortsfeuerwehr Lauenstein ausr\u00fccken wollte, kam die Entwarnung. Eine RTW Besatzung hat sich schon Zutritt verschafft.<\/p>\n<p><span style=\"text-decoration: underline;\">Fl\u00e4chenbrand an der B1 bei Hemmendorf<\/span><\/p>\n<p>Am Vormittag, des 15.07.2024, meldete ein Autofahrer, der die B1 von Hemmendorf in Richtung Oldendorf befuhr, der Kooperativen Regionalleitstelle Weserbergland \u00fcber die Notrufnummer 112 einen Fl\u00e4chenbrand. Umgehend wurden daraufhin von der Leitstelle die Feuerwehren Hemmendorf, Salzhemmendorf und Lauenstein alarmiert. Vor Ort hatte sich das Feuer bereits auf einer Fl\u00e4che von rund 250 Quadratmetern, auf einem Stoppelfeld sowie einer B\u00f6schung, ausgebreitet. Mit Wasser aus zwei C-Rohren, Feuerpatschen und Forken wurde der Brand der sich aufgrund des Windes rasch ausbreitete bek\u00e4mpft. Ein in Hemmendorf ans\u00e4ssiger Landwirt eilte den Feuerwehrleuten mit einem Schlepper und Grubber zur Hilfe. Gemeinsam konnten Feuerwehrleute und Landwirt den Brand, nach rund 40 Minuten vollst\u00e4ndig l\u00f6schen.<\/p>\n<p><span style=\"text-decoration: underline;\">N\u00e4chtlicher Feuerwehreinsatz<\/span><\/p>\n<p>Die Feuerwehren Lauenstein und Salzhemmendorf wurden am Montag, den 08.07.2024 um 01:34 Uhr, zu einer ausgel\u00f6sten BMA alarmiert. Nach einer Erkundung an dem ausgel\u00f6sten Melderbereich konnte schnell Entwarnung gegeben werden. Ein linear Melder hat aus ungekl\u00e4rter Ursache ausgel\u00f6st. Nach dem die Brandmeldeanlage wieder zur\u00fcckgestellt wurde, konnten die Einsatzkr\u00e4fte wieder ins Bett gehen.<\/p>\n<p><span style=\"text-decoration: underline;\">Tragehilfe f\u00fcr den Rettungsdienst in Rudorffstra\u00dfe<\/span><\/p>\n<p>Die Freiwillige Feuerwehr Lauenstein wurde am Donnerstag, den 23.05.2024, um 20:06 Uhr zu einer Tragehilfe in die Ruforffstra\u00dfe alarmiert. Die Freiwilligen unterst\u00fctzen den Rettungsdienst eine Person \u00fcber den engen Treppenraum in den RTW zu tragen. Nach kurzer Zeit konnte die Einsatzkr\u00e4fte wieder Richtung Feuerwehrhaus fahren.<\/p>\n<p><span style=\"text-decoration: underline;\">Verkehrsabsicherung und \u00d6lspur beseitigt<\/span><\/p>\n<p>Erneut wurden die Ortsfeuerwehren Lauenstein und Hemmendorf zu einer Verkehrsabsicherung alarmiert. Dieses mal, am 14.05.2024 um 16:21 Uhr, auf die L425 auf den Ith. Hier ist ein Motorradfahrer auf einer \u00d6lspur ausgerutscht und hat sich leicht verletzt, konnte seine Fahrt aber weitermachen. Die Ortsfeuerwehren Lauenstein und Hemmendorf haben an zwei Abschnitten in gef\u00e4hrlichen Kurven die rutschige Fl\u00fcssigkeit entfernt und dabei Verkehrssicherungsma\u00dfnahmen durchgef\u00fchrt. Anschlie\u00dfend wurde die Einsatzstelle an die Stra\u00dfenmeisterei \u00fcbergeben.<\/p>\n<p><span style=\"text-decoration: underline;\">Betriebsstoffe ausgelaufen<\/span><\/p>\n<p>Die Ortsfeuerwehren Lauenstein und Hemmendorf wurden am Monatg den 13.05.2024 um 13:10 Uhr zu einer Verkehrsabsicherung in die Hemmendorferstra\u00dfe alarmiert. Hier hatte ein Auto eine Kollision gehabt. Danach ist rutschige K\u00fchlfl\u00fcssigkeit ausgelaufen. Diese wurde durch die Feuerwehren beseitigt und die Einsatzstelle an die Polizei \u00fcbergeben. Eine Person wurde durch einen RTW in ein Krankenhaus gebracht.<\/p>\n<p><span style=\"text-decoration: underline;\">Gef\u00e4hrliche \u00d6lspur in den Kurvenbereichen<\/span><\/p>\n<p>Am fr\u00fchen Abend des 19.04.2024 wurden die Feuerwehren Salzhemmendorf und Lauenstein zu einer \u00d6lspur alarmiert. W\u00e4hrend die Salzhemmendorfer Feuerwehrleute auf der Hemmendorfer Landstra\u00dfe eine rund 40 Meter lange \u00d6lspur beseitigten, mussten die Lauensteiner Kameraden einmal mehr zum Umwelteinsatz auf die Ithstra\u00dfe ausr\u00fccken. Hier verlief die \u00d6lspur bis nach Haus Harderode. Nachdem die Salzhemmendorfer ihren Einsatz abgeschlossen hatten, unterst\u00fctzte die Besatzung des R\u00fcstwagens noch die Lauensteiner Feuerwehrleute bei der Bek\u00e4mpfung des umweltsch\u00e4dlichen Betriebsstoffes. Die \u00d6lspur war vor allen in den Kurvenbereichen sehr rutschig und gef\u00e4hrlich f\u00fcr die Verkehrsteilnehmer. Rund eine Stunde nach der Alarmierung wurden die Ehrenamtlichen schlie\u00dflich von der Stra\u00dfenmeisterei abgel\u00f6st und konnten somit wieder einr\u00fccken. Bereits am sp\u00e4ten Nachmittag wurden die Feuerwehren Hemmendorf und Salzhemmendorf zu einer gemeldeten \u00d6lspur alarmiert. Es konnte jedoch keine Verunreinigung festgestellt werden, woraufhin die Feuerwehren ihren Einsatz abbrachen.<\/p>\n<p><span style=\"text-decoration: underline;\">T\u00fcr\u00f6ffnung in Salzhemmendorf<\/span><\/p>\n<p>Die Ortsfeuerwehren Salzhemmendorf und Lauenstein wurden am Dienstag den 16.04.2024 um 09:18 Uhr zu einer T\u00fcr\u00f6ffnung nach Salzhemmendorf alarmiert. Hier soll ein kleines Kind alleine in der Wohnung gewesen sein, weil die T\u00fcr zur Wohnung zugefallen ist. Ein Hausmeister hat das mitbekommen und die T\u00fcr konnte schnell ge\u00f6ffnet werden. Die Feuerwehren mussten nicht ausr\u00fccken.<\/p>\n<p><span style=\"text-decoration: underline;\">Einsatzstelle muss gesucht werden<\/span><\/p>\n<p>Am Montagabend den 08.04.2024 wurde die Ortsfeuerwehr Lauenstein zu einer unklaren Rauchentwicklung in die Ithstra\u00dfe alarmiert. Vor Ort konnte man keine Einsatzstelle finden. Lediglich der Geruch von Rauch wurde wahrgenommen. Nach einer weiteren Erkundung konnte eine Feuerschale auf einem Privatgrundst\u00fcck als Ursache f\u00fcr den Rauch festgestellt werden. Diese wurde ordnungsgem\u00e4\u00df betrieben. Somit brauchte die Feuerwehr nicht weiter t\u00e4tig werden und wieder einr\u00fccken.<\/p>\n<p><span style=\"text-decoration: underline;\">Dieselflecken &#8222;Im Winkel&#8220;<\/span><\/p>\n<p>Auch am Ostersonntag den 31.03.2024 wurden die Freiwilligen Feuerwehrleute aus Lauenstein zu einer \u00d6lspur alarmiert. Um 12:26 Uhr fuhren die Eisatzkr\u00e4fte in den Winkel um einen gr\u00f6\u00dferen und mehrere kleine Dieselflecken mit einer Bakterienmischung zu beseitigen. Schnell war die Einsatzstelle wieder freigegeben und die ehrenamtlichen Feuerwehrleute konnten zur\u00fcck zu Ihren Familien.<\/p>\n<p><span style=\"text-decoration: underline;\">\u00d6lspur auf der L425<\/span><\/p>\n<p>Die Ortsfeuerwehren Hemmendorf und Lauenstein wurden am 30.03.2024 um 08:37 Uhr zu einer langen Dieselspur alarmiert. Die Hemmendorfer haben sich um Ihren Ortsbereich gek\u00fcmmert und die Lauensteiner um den Lauensteiner Bereich und die L425 Richtung Haus Harderode. Hier waren vor allem in den Kurvenbereichen gro\u00dfe Dieselspuren. Eine Autofahrerin hat sich auch in einem Kurvenbereich gedreht, weil die Stra\u00dfe durch den Diesel sehr rutschig war. Zum Gl\u00fcck ist der Autofahrerin nichts passiert und Sie konnte Ihre Fahrt fortf\u00fchren. Die Brandsch\u00fctzer haben die gef\u00e4hrlichen Stellen mit Bakterien gereinigt. Um ca. 10:00 Uhr waren die Gefahrenstellen beseitigt.<\/p>\n<p><span style=\"text-decoration: underline;\">Tragehilfe f\u00fcr den Rettungsdienst<\/span><\/p>\n<p>Am fr\u00fchen Montagabend, des 15.01.2024, wurden die Feuerwehren Lauenstein und Salzhemmendorf, auf Anforderung des Rettungsdienstes, zu einer Tragehilfe alarmiert. Hand in Hand haben Sanit\u00e4ter und Feuerwehrleute eine erkrankte Person, die schnellstm\u00f6glich einem Krankenhaus zugef\u00fchrt werden musste, mit viel Muskelkraft und so behutsam wie m\u00f6glich, aus dem ersten Obergeschoss eines Wohnhauses in den bereitstehenden Rettungswagen getragen.<\/p>\n<p><span style=\"text-decoration: underline;\">Brandeinsatz und \u00d6lspur an einem Tag<\/span><\/p>\n<p>Feuer und eine \u00d6lspur haben am 12.01.2024 besonders die Feuerwehr Lauenstein in Atem gehalten. Heute Morgen bemerkte ein aufmerksamer Autofahrer der gerade die Ithstra\u00dfe in Lauenstein befuhr, dass aus einem Wintergarten eines Wohnhauses Rauch aufstieg und ein Feuerschein ersichtlich war. Umgehend stoppte der Fahrer sein Fahrzeug, w\u00e4hlte den Notruf und klingelte an der Haust\u00fcr, ohne zu ahnen das die Klingel nicht in Betrieb war. Erst als die Feuerwehr eine Scheibe an dem Wintergarten einschlug, um sich einen Zugang zu verschaffen, schreckte die dreik\u00f6pfige Familie sowie der Familienhund, die zu diesem Zeitpunkt noch in dem Wohnhaus geschlafen hatte und von dem Feuer nichts mitbekommen hat, auf. Alle vier konnten sich unverletzt ins Freie retten. Feuerwehren aus Lauenstein, Salzhemmendorf und Hemmendorf eilten zur angegebenen Adresse. Auch das Tankl\u00f6schfahrzeug aus Oldendorf, eine Drehleiter aus Hameln sowie die Polizei und ein Rettungswagen machten sich auf den Weg. Unter Atemschutz erkundeten Feuerwehrleute die Lage und wurden schnell f\u00fcndig. Ein Blecheimer der mit Asche und Glutresten aus einem Kamin gef\u00fcllt war und in dem Wintergarten stand, entwickelte eine so gro\u00dfe Hitze, das sich in der N\u00e4he befindliche Gegenst\u00e4nde sowie die Holzverkleidung des Wintergartens entz\u00fcndet haben. Hei\u00dfer Kunststoff, der von der Dacheindeckung tropfte, stellte eine gro\u00dfe Gefahr f\u00fcr die Feuerwehrleute da. Dennoch konnten die Ehrenamtlichen das Feuer sehr schnell l\u00f6schen und gr\u00f6\u00dferen Schaden, sowie ein \u00fcbergreifen der Flammen auf das Wohnhaus verhindern. Mit einer W\u00e4rmebildkamera wurde anschlie\u00dfend noch nach versteckten Glutnestern gesucht. Nach rund eineinhalbstunden konnte die Ithstra\u00dfe, die w\u00e4hrend des Einsatzes voll gesperrt war, wieder f\u00fcr den Verkehr freigegeben werden und die \u00fcber 40 Feuerwehrleute in ihre Ger\u00e4teh\u00e4user einr\u00fccken.<\/p>\n<p>Nur ein paar Stunden nach dem Brandeinsatz wurden die Feuerwehrfrauen und M\u00e4nner der Ortswehr Lauenstein erneut zu einem Einsatz alarmiert. Ein Zustellfahrzeug eines Paketdienstleisters hatte aufgrund eines technischen Defekts, eine kilometerlange \u00d6lspur verursacht. Auf einer L\u00e4nge von rund drei Kilometern mussten die Einsatzkr\u00e4fte den umweltgef\u00e4hrdenden Betriebsstoff mit einer Bakterienmischung unsch\u00e4dlich machen.<\/p>\n<p>Bericht Gemeindefeuerwehr Salzhemmendorf&nbsp;<a href=\"https:\/\/gf-salzhemmendorf.de\/de\/einsaetze\/einsatz-detail\/?tx_operations_list%5Boperation%5D=369&amp;tx_operations_list%5Baction%5D=show&amp;tx_operations_list%5Bcontroller%5D=Operation&amp;cHash=940c88fb8aa36f2c9fd6f3da13a90e01\">Einsatz-Detail | Retten, L\u00f6schen, Bergen, Sch\u00fctzen (gf-salzhemmendorf.de)<\/a><\/p>\n<p><span style=\"text-decoration: underline;\">Dachstuhlbrand an Neujahr<\/span><\/p>\n<p>Nur kurz konnten die Feuerwehrleute aus Salzhemmendorf, Lauenstein, Hemmendorf und Oldendorf mit ihren Familien und Freunden auf das neue Jahr ansto\u00dfen. Gegen 00:18 Uhr wurden die Einsatzkr\u00e4fte der vier Ortschaften zu einem gemeldeten Dachstuhlbrand nach Salzhemmendorf alarmiert. Auch eine Drehleiter aus Hameln sowie das DRK und die Polizei machten sich auf den Weg nach Salzhemmendorf. Eine Feuerwerksrakete ist nach dem entz\u00fcnden in die Dachrinne eines Mehrfamilienhauses geflogen und hat einen Schwelbrand im Bereich des Daches verursacht. Vor Ort r\u00fcsteten sich Feuerwehrleute sofort mit Atemschutzger\u00e4ten aus und verschafften sich Zugang zu einer unbewohnten Dachgeschosswohnung. \u00dcber dessen Dachterrasse gelangten die Feuerwehrleute an den Brandherd. Nachdem die Dachziegel entfernt wurden, konnten die Ehrenamtlichen den Brand z\u00fcgig l\u00f6schen und somit Schlimmeres verhindern. Nach rund einer Stunde konnten die rund 45 Feuerwehrleute den Einsatz beenden, und die Einsatzstelle konnte an die Polizei \u00fcbergeben werden. Die Drehleiter aus Hameln kam nicht mehr zum Einsatz und konnte ihre Alarmfahrt abbrechen.<\/p>\n<p>Bericht Gemeindefeuerwehr Salzhemmendorf<\/p>\n","protected":false},"excerpt":{"rendered":"<p>T\u00fcr\u00f6ffnung in der Nacht Die Ortsfeuerwehr Lauenstein, der Rettungsdienst und die Polizei wurden am 28.12.2024 um 02:45 zu einer T\u00fcr\u00f6ffnung in den Sch\u00fctzenplatzweg alarmiert. Eine Bewohnerin hat aus versehen den &hellip; <a href=\"https:\/\/www.ffw-lauenstein.de\/?page_id=4897\" class=\"more-link\"><span class=\"screen-reader-text\">\u201eEins\u00e4tze 2024\u201c <\/span>weiterlesen<\/a><\/p>\n","protected":false},"author":4,"featured_media":0,"parent":767,"menu_order":0,"comment_status":"closed","ping_status":"closed","template":"","meta":{"ngg_post_thumbnail":0,"footnotes":""},"class_list":["post-4897","page","type-page","status-publish","hentry"],"_links":{"self":[{"href":"https:\/\/www.ffw-lauenstein.de\/index.php?rest_route=\/wp\/v2\/pages\/4897","targetHints":{"allow":["GET"]}}],"collection":[{"href":"https:\/\/www.ffw-lauenstein.de\/index.php?rest_route=\/wp\/v2\/pages"}],"about":[{"href":"https:\/\/www.ffw-lauenstein.de\/index.php?rest_route=\/wp\/v2\/types\/page"}],"author":[{"embeddable":true,"href":"https:\/\/www.ffw-lauenstein.de\/index.php?rest_route=\/wp\/v2\/users\/4"}],"replies":[{"embeddable":true,"href":"https:\/\/www.ffw-lauenstein.de\/index.php?rest_route=%2Fwp%2Fv2%2Fcomments&post=4897"}],"version-history":[{"count":20,"href":"https:\/\/www.ffw-lauenstein.de\/index.php?rest_route=\/wp\/v2\/pages\/4897\/revisions"}],"predecessor-version":[{"id":5096,"href":"https:\/\/www.ffw-lauenstein.de\/index.php?rest_route=\/wp\/v2\/pages\/4897\/revisions\/5096"}],"up":[{"embeddable":true,"href":"https:\/\/www.ffw-lauenstein.de\/index.php?rest_route=\/wp\/v2\/pages\/767"}],"wp:attachment":[{"href":"https:\/\/www.ffw-lauenstein.de\/index.php?rest_route=%2Fwp%2Fv2%2Fmedia&parent=4897"}],"curies":[{"name":"wp","href":"https:\/\/api.w.org\/{rel}","templated":true}]}}