{"id":5325,"date":"2026-01-24T08:50:25","date_gmt":"2026-01-24T06:50:25","guid":{"rendered":"https:\/\/www.ffw-lauenstein.de\/?page_id=5325"},"modified":"2026-04-10T20:10:55","modified_gmt":"2026-04-10T18:10:55","slug":"einsaetze-2026","status":"publish","type":"page","link":"https:\/\/www.ffw-lauenstein.de\/?page_id=5325","title":{"rendered":"Eins\u00e4tze 2026"},"content":{"rendered":"<p><span style=\"text-decoration: underline;\">\u00d6lfleck auf Grund eines defekten Fahrzeuges<\/span><\/p>\n<p>Die Ortsfeuerwehr Lauenstein wurde am 09.04.2026 zu auslaufenden Betriebsmitteln alarmiert. Einem Fahrzeughalter ist ein defekt an seinem Fahrzeug aufgefallen. Dieses hat Motor\u00f6l verloren. Der ehrliche Fahrzeughalter hat daraufhin die Leitstelle informiert. Parallel hat er S\u00e4gesp\u00e4ne unter sein Fahrzeug gestreut, so dass das \u00d6l gebunden wurde. Die Lauensteiner Feuerwehrleute nahmen die S\u00e4gesp\u00e4ne auf und haben den \u00d6lfleck mit einer Bakterienmischung und \u00d6lbindemittel entfernt.<\/p>\n<p><span style=\"text-decoration: underline;\">Drei verschiedene \u00d6lspuren an einem Tag<\/span><\/p>\n<p>Zweimal mussten die Einsatzkr\u00e4fte der Feuerwehr Lauenstein am 30.03.2026 zu einer \u00d6lspur ausr\u00fccken. Gegen 16:38 Uhr wurden die Ehrenamtlichen in die Ithstra\u00dfe alarmiert, wo im Bereich eines Parkplatzes der Asphalt auf rund 20 Metern L\u00e4nge mit ausgelaufenen Dieselkraftstoff, durch ein bisher unbekanntes Fahrzeug, verunreinigt wurde. Mit einer Bakterienmischung konnten die Feuerwehrleute den umweltgef\u00e4hrdenden Kraftstoff beseitigen. Zeitgleich musste ein Teil der Mannschaft auch in der Ringstra\u00dfe eine weitere \u00d6lspur unsch\u00e4dlich machen. Nachdem die Ehrenamtlichen den Einsatz beendet und wieder einger\u00fcckt waren, wurden die Feuerwehrleute gegen 17:55 Uhr erneut zu einer \u00d6lspur alarmiert. Diesmal bekamen die Lauensteiner Unterst\u00fctzung von der ebenfalls alarmierten Ortsfeuerwehr Hemmendorf. Im Schwalenkamp und Dahlienweg galt es ebenfalls ausgelaufenen Dieselkraftstoff zu beseitigen.<\/p>\n<p><span style=\"text-decoration: underline;\">Tragehilfe bei Winterwetter<\/span><\/p>\n<p>Am Donnerstagabend, den 29.01.2026, wurde die Feuerwehr Lauenstein zur Unterst\u00fctzung des Rettungsdienstes alarmiert. Aufgrund der extremen Stra\u00dfengl\u00e4tte ben\u00f6tigten die Rettungssanit\u00e4ter und Notarzt Unterst\u00fctzung beim Transport einer gest\u00fcrzten Person. Gemeinsam mit den Lauensteiner Feuerwehrleuten gelang es schlie\u00dflich die verletzte Patientin sicher und schonend in den bereitstehenden Rettungswagen zu tragen.<\/p>\n<p><span style=\"text-decoration: underline;\">Erkundungsschleife Ortsbrandmeister<\/span><\/p>\n<p>Die Leitstelle Hameln hat am 11.01. um 03:21 die Ortsbrandmeister der Ortsfeuerwehr Lauenstein zu einer Amtshilfe der Polizei alarmiert. Nach R\u00fccksprache vor Ort, halfen vier Einsatzkr\u00e4fte der Feuerwehr die Polizei.<\/p>\n","protected":false},"excerpt":{"rendered":"<p>\u00d6lfleck auf Grund eines defekten Fahrzeuges Die Ortsfeuerwehr Lauenstein wurde am 09.04.2026 zu auslaufenden Betriebsmitteln alarmiert. Einem Fahrzeughalter ist ein defekt an seinem Fahrzeug aufgefallen. Dieses hat Motor\u00f6l verloren. Der &hellip; <a href=\"https:\/\/www.ffw-lauenstein.de\/?page_id=5325\" class=\"more-link\"><span class=\"screen-reader-text\">\u201eEins\u00e4tze 2026\u201c <\/span>weiterlesen<\/a><\/p>\n","protected":false},"author":4,"featured_media":0,"parent":767,"menu_order":4,"comment_status":"closed","ping_status":"closed","template":"","meta":{"ngg_post_thumbnail":0,"footnotes":""},"class_list":["post-5325","page","type-page","status-publish","hentry"],"_links":{"self":[{"href":"https:\/\/www.ffw-lauenstein.de\/index.php?rest_route=\/wp\/v2\/pages\/5325","targetHints":{"allow":["GET"]}}],"collection":[{"href":"https:\/\/www.ffw-lauenstein.de\/index.php?rest_route=\/wp\/v2\/pages"}],"about":[{"href":"https:\/\/www.ffw-lauenstein.de\/index.php?rest_route=\/wp\/v2\/types\/page"}],"author":[{"embeddable":true,"href":"https:\/\/www.ffw-lauenstein.de\/index.php?rest_route=\/wp\/v2\/users\/4"}],"replies":[{"embeddable":true,"href":"https:\/\/www.ffw-lauenstein.de\/index.php?rest_route=%2Fwp%2Fv2%2Fcomments&post=5325"}],"version-history":[{"count":4,"href":"https:\/\/www.ffw-lauenstein.de\/index.php?rest_route=\/wp\/v2\/pages\/5325\/revisions"}],"predecessor-version":[{"id":5371,"href":"https:\/\/www.ffw-lauenstein.de\/index.php?rest_route=\/wp\/v2\/pages\/5325\/revisions\/5371"}],"up":[{"embeddable":true,"href":"https:\/\/www.ffw-lauenstein.de\/index.php?rest_route=\/wp\/v2\/pages\/767"}],"wp:attachment":[{"href":"https:\/\/www.ffw-lauenstein.de\/index.php?rest_route=%2Fwp%2Fv2%2Fmedia&parent=5325"}],"curies":[{"name":"wp","href":"https:\/\/api.w.org\/{rel}","templated":true}]}}