{"id":714,"date":"2013-01-28T18:55:00","date_gmt":"2013-01-28T16:55:00","guid":{"rendered":"http:\/\/www.ffw-lauenstein.de\/?page_id=714"},"modified":"2026-01-31T18:18:20","modified_gmt":"2026-01-31T16:18:20","slug":"kinderfeuerwehr","status":"publish","type":"page","link":"https:\/\/www.ffw-lauenstein.de\/?page_id=714","title":{"rendered":"Kinderfeuerwehr"},"content":{"rendered":"<p>Die Kinderfeuerwehren sind die j\u00fcngsten Spr\u00f6sslinge der Feuerwehren. Sie ist der Unterbau der Jugendfeuerwehr. Kinder im Alter von 6-12 Jahren k\u00f6nnen an der Kinderfeuerwehr teilnehmen, danach k\u00f6nnen Sie mit 10 Jahren in die Jugendfeuerwehr \u00fcbernommen werden.<\/p>\n<p>Die Kinder werden spielerisch an die Aufgaben in der Jugendfeuerwehr herangef\u00fchrt, um einen nahtlosen \u00dcbergang in den n\u00e4chsten spannenden Abschnitt der Feuerwehr zu erm\u00f6glichen. Spiel und Spa\u00df stehen auch&nbsp;in der Kinderfeuerwehr an erster Stelle. Neben dem regelm\u00e4\u00dfigen Treffen stehen auch Unternehmungen und Fahrten in Freizeitparks oder \u00e4hnliches auf dem Programm.<\/p>\n<p>Die Kinderfeuerwehr der Freiwilligen Feuerwehr Lauenstein wurde am 21.10.2013 gegr\u00fcndet. Zurzeit hat die Kinderfeuerwehr 10 Mitglieder. Neue Mitglieder sind in der Kinderfeuerwehr sehr erw\u00fcnscht.<\/p>\n<p><img loading=\"lazy\" decoding=\"async\" class=\"aligncenter wp-image-4855 size-medium\" src=\"https:\/\/www.ffw-lauenstein.de\/wp-content\/uploads\/2024\/02\/2024-Kinderfeuerwehr-733x478.png\" alt=\"\" width=\"733\" height=\"478\"><\/p>\n<p><strong>Dienstplan Kinderfeuerwehr 1\/2026<\/strong><\/p>\n<p><a href=\"https:\/\/www.ffw-lauenstein.de\/?attachment_id=5336\" rel=\"attachment wp-att-5336\">Dienstplan 1. Halbjahr 2026<\/a> <a href=\"https:\/\/www.ffw-lauenstein.de\/?attachment_id=5337\" rel=\"attachment wp-att-5337\"><img loading=\"lazy\" decoding=\"async\" class=\"alignnone size-full wp-image-5337\" src=\"https:\/\/www.ffw-lauenstein.de\/wp-content\/uploads\/2026\/01\/Dienstplan-1.-Halbjahr-2026.png\" alt=\"\" width=\"596\" height=\"722\"><\/a><\/p>\n<p>&nbsp;<\/p>\n","protected":false},"excerpt":{"rendered":"<p>Die Kinderfeuerwehren sind die j\u00fcngsten Spr\u00f6sslinge der Feuerwehren. Sie ist der Unterbau der Jugendfeuerwehr. Kinder im Alter von 6-12 Jahren k\u00f6nnen an der Kinderfeuerwehr teilnehmen, danach k\u00f6nnen Sie mit 10 &hellip; <a href=\"https:\/\/www.ffw-lauenstein.de\/?page_id=714\" class=\"more-link\"><span class=\"screen-reader-text\">\u201eKinderfeuerwehr\u201c <\/span>weiterlesen<\/a><\/p>\n","protected":false},"author":4,"featured_media":0,"parent":85,"menu_order":0,"comment_status":"closed","ping_status":"open","template":"","meta":{"ngg_post_thumbnail":0,"footnotes":""},"class_list":["post-714","page","type-page","status-publish","hentry"],"_links":{"self":[{"href":"https:\/\/www.ffw-lauenstein.de\/index.php?rest_route=\/wp\/v2\/pages\/714","targetHints":{"allow":["GET"]}}],"collection":[{"href":"https:\/\/www.ffw-lauenstein.de\/index.php?rest_route=\/wp\/v2\/pages"}],"about":[{"href":"https:\/\/www.ffw-lauenstein.de\/index.php?rest_route=\/wp\/v2\/types\/page"}],"author":[{"embeddable":true,"href":"https:\/\/www.ffw-lauenstein.de\/index.php?rest_route=\/wp\/v2\/users\/4"}],"replies":[{"embeddable":true,"href":"https:\/\/www.ffw-lauenstein.de\/index.php?rest_route=%2Fwp%2Fv2%2Fcomments&post=714"}],"version-history":[{"count":26,"href":"https:\/\/www.ffw-lauenstein.de\/index.php?rest_route=\/wp\/v2\/pages\/714\/revisions"}],"predecessor-version":[{"id":5338,"href":"https:\/\/www.ffw-lauenstein.de\/index.php?rest_route=\/wp\/v2\/pages\/714\/revisions\/5338"}],"up":[{"embeddable":true,"href":"https:\/\/www.ffw-lauenstein.de\/index.php?rest_route=\/wp\/v2\/pages\/85"}],"wp:attachment":[{"href":"https:\/\/www.ffw-lauenstein.de\/index.php?rest_route=%2Fwp%2Fv2%2Fmedia&parent=714"}],"curies":[{"name":"wp","href":"https:\/\/api.w.org\/{rel}","templated":true}]}}